{"id":2275,"date":"2021-03-24T12:50:28","date_gmt":"2021-03-24T11:50:28","guid":{"rendered":"https:\/\/programme-neuf-rennes.fr\/?page_id=2275"},"modified":"2021-04-15T16:31:42","modified_gmt":"2021-04-15T14:31:42","slug":"investir-dans-limmobilier-patrimonial","status":"publish","type":"page","link":"https:\/\/programme-neuf-rennes.fr\/index.php\/investir-dans-limmobilier-patrimonial\/","title":{"rendered":"Investir dans l\u2019immobilier patrimonial"},"content":{"rendered":"\t\t<div data-elementor-type=\"wp-page\" data-elementor-id=\"2275\" class=\"elementor elementor-2275\" data-elementor-settings=\"[]\">\n\t\t\t\t\t\t\t<div class=\"elementor-section-wrap\">\n\t\t\t\t\t\t\t<section class=\"elementor-section elementor-top-section elementor-element elementor-element-3a7ea21f elementor-section-full_width elementor-section-stretched elementor-section-height-default elementor-section-height-default\" data-id=\"3a7ea21f\" data-element_type=\"section\" data-settings=\"{&quot;background_background&quot;:&quot;classic&quot;,&quot;stretch_section&quot;:&quot;section-stretched&quot;}\">\n\t\t\t\t\t\t<div class=\"elementor-container elementor-column-gap-no\">\n\t\t\t\t\t<div class=\"elementor-column elementor-col-50 elementor-top-column elementor-element elementor-element-64e94b49 elementor-hidden-tablet elementor-hidden-phone\" data-id=\"64e94b49\" data-element_type=\"column\" data-settings=\"{&quot;background_background&quot;:&quot;classic&quot;}\">\n\t\t\t<div class=\"elementor-widget-wrap elementor-element-populated\">\n\t\t\t\t\t\t\t\t<div class=\"elementor-element elementor-element-7b952706 elementor-widget elementor-widget-image\" data-id=\"7b952706\" data-element_type=\"widget\" data-widget_type=\"image.default\">\n\t\t\t\t<div class=\"elementor-widget-container\">\n\t\t\t\t\t<div class=\"elementor-image\">\n\t\t\t\t\t\t\t\t\t\t<img width=\"1920\" height=\"1280\" src=\"https:\/\/programme-neuf-rennes.fr\/wp-content\/uploads\/2021\/03\/hh.jpeg\" class=\"attachment-full size-full\" alt=\"programme neuf rennes\" loading=\"lazy\" srcset=\"https:\/\/programme-neuf-rennes.fr\/wp-content\/uploads\/2021\/03\/hh.jpeg 1920w, https:\/\/programme-neuf-rennes.fr\/wp-content\/uploads\/2021\/03\/hh-300x200.jpeg 300w, https:\/\/programme-neuf-rennes.fr\/wp-content\/uploads\/2021\/03\/hh-1024x683.jpeg 1024w, https:\/\/programme-neuf-rennes.fr\/wp-content\/uploads\/2021\/03\/hh-768x512.jpeg 768w, https:\/\/programme-neuf-rennes.fr\/wp-content\/uploads\/2021\/03\/hh-1536x1024.jpeg 1536w\" sizes=\"(max-width: 1920px) 100vw, 1920px\" \/>\t\t\t\t\t\t\t\t\t\t\t<\/div>\n\t\t\t\t<\/div>\n\t\t\t\t<\/div>\n\t\t\t\t\t<\/div>\n\t\t<\/div>\n\t\t\t\t<div class=\"elementor-column elementor-col-50 elementor-top-column elementor-element elementor-element-260ff28f\" data-id=\"260ff28f\" data-element_type=\"column\" data-settings=\"{&quot;background_background&quot;:&quot;classic&quot;}\">\n\t\t\t<div class=\"elementor-widget-wrap elementor-element-populated\">\n\t\t\t\t\t\t\t\t<div class=\"elementor-element elementor-element-4765eaf6 elementor-widget elementor-widget-spacer\" data-id=\"4765eaf6\" data-element_type=\"widget\" data-widget_type=\"spacer.default\">\n\t\t\t\t<div class=\"elementor-widget-container\">\n\t\t\t\t\t<div class=\"elementor-spacer\">\n\t\t\t<div class=\"elementor-spacer-inner\"><\/div>\n\t\t<\/div>\n\t\t\t\t<\/div>\n\t\t\t\t<\/div>\n\t\t\t\t<div class=\"elementor-element elementor-element-1a61719d aleft elementor-widget elementor-widget-wgl-double-headings\" data-id=\"1a61719d\" data-element_type=\"widget\" data-widget_type=\"wgl-double-headings.default\">\n\t\t\t\t<div class=\"elementor-widget-container\">\n\t\t\t<div class=\"wgl-double_heading\">                <h3 class=\"dbl-title_wrapper\"><span class=\"dbl-title dbl-title_1\">Immobilier<\/span> <span class=\"dbl-title dbl-title_2\">Patrimonial<\/span>                 <\/h3>        <\/div>\t\t<\/div>\n\t\t\t\t<\/div>\n\t\t\t\t<div class=\"elementor-element elementor-element-5efce0db elementor-widget elementor-widget-text-editor\" data-id=\"5efce0db\" data-element_type=\"widget\" data-widget_type=\"text-editor.default\">\n\t\t\t\t<div class=\"elementor-widget-container\">\n\t\t\t\t\t<div class=\"elementor-text-editor elementor-clearfix\"><p>Mettre en place une strat\u00e9gie d&#8217;investissement efficace<\/p><\/div>\n\t\t\t\t<\/div>\n\t\t\t\t<\/div>\n\t\t\t\t<div class=\"elementor-element elementor-element-35d4ab8f elementor-widget elementor-widget-spacer\" data-id=\"35d4ab8f\" data-element_type=\"widget\" data-widget_type=\"spacer.default\">\n\t\t\t\t<div class=\"elementor-widget-container\">\n\t\t\t\t\t<div class=\"elementor-spacer\">\n\t\t\t<div class=\"elementor-spacer-inner\"><\/div>\n\t\t<\/div>\n\t\t\t\t<\/div>\n\t\t\t\t<\/div>\n\t\t\t\t<div class=\"elementor-element elementor-element-2d4ae2f1 elementor-widget elementor-widget-spacer\" data-id=\"2d4ae2f1\" data-element_type=\"widget\" data-widget_type=\"spacer.default\">\n\t\t\t\t<div class=\"elementor-widget-container\">\n\t\t\t\t\t<div class=\"elementor-spacer\">\n\t\t\t<div class=\"elementor-spacer-inner\"><\/div>\n\t\t<\/div>\n\t\t\t\t<\/div>\n\t\t\t\t<\/div>\n\t\t\t\t\t<\/div>\n\t\t<\/div>\n\t\t\t\t\t\t\t<\/div>\n\t\t<\/section>\n\t\t\t\t<section class=\"elementor-section elementor-top-section elementor-element elementor-element-bca991d elementor-section-boxed elementor-section-height-default elementor-section-height-default\" data-id=\"bca991d\" data-element_type=\"section\">\n\t\t\t\t\t\t<div class=\"elementor-container elementor-column-gap-default\">\n\t\t\t\t\t<div class=\"elementor-column elementor-col-100 elementor-top-column elementor-element elementor-element-51e789f\" data-id=\"51e789f\" data-element_type=\"column\">\n\t\t\t<div class=\"elementor-widget-wrap elementor-element-populated\">\n\t\t\t\t\t\t\t\t<div class=\"elementor-element elementor-element-9c9e20e elementor-widget elementor-widget-text-editor\" data-id=\"9c9e20e\" data-element_type=\"widget\" data-widget_type=\"text-editor.default\">\n\t\t\t\t<div class=\"elementor-widget-container\">\n\t\t\t\t\t<div class=\"elementor-text-editor elementor-clearfix\"><p style=\"text-align: justify;\"><span style=\"color: #ffffff;\">Parfois, on peut lire dans la presse qu\u2019il est trop tard pour investir dans l\u2019immobilier ou que celui-ci n\u2019est plus int\u00e9ressant en terme de rentabilit\u00e9 : c\u2019est faux et nous vous le prouverons.<\/span><\/p><p style=\"text-align: justify;\"><span style=\"color: #ffffff;\"><em><u>7 raisons d\u2019investir dans l\u2019immobilier neuf <\/u><\/em><\/span><\/p><p style=\"text-align: justify;\"><span style=\"color: #ffffff;\"><em>\u00a0<\/em><\/span><\/p><p style=\"text-align: justify;\"><span style=\"color: #ffffff;\"><em>Que vous vouliez acheter pour vous, votre famille ou pour investir<\/em><em>. L<\/em><em>\u2019immobilier neuf vous offrira une multitude d\u2019avantages <\/em><em>\u00e0 <\/em><em>prendre en compte. Voici un r\u00e9sum\u00e9 des sept aubaines auxquelles vous pouvez avoir le droit.<\/em><\/span><\/p><p style=\"text-align: justify;\"><span style=\"color: #ffffff;\"><em>\u00a0<\/em><\/span><\/p><ol style=\"text-align: justify;\"><li><span style=\"color: #ffffff;\"><strong>B\u00e9n\u00e9ficiez d\u2019une parfaite livraison\u00a0:<\/strong><\/span><\/li><\/ol><p style=\"text-align: justify;\"><span style=\"color: #ffffff;\">Depuis plus de 10 ans maintenant l\u2019ensemble des promoteurs immobiliers doivent souscrire \u00e0 une assurance. Celle-ci vous garantit la parfaite livraison de votre achat. Un huissier de justice v\u00e9rifiera la parfaite exactitude avec le contrat d\u2019achat avant la restitution des cl\u00e9s. Vous b\u00e9n\u00e9ficiez \u00e9galement d\u2019une garantie de 10ans (la garantie d\u00e9cennal) ainsi d\u2019une garantie sur tous les \u00e9quipements (robinets, radiateurs, volets&#8230;) pendant deux ans.<\/span><\/p><p style=\"text-align: justify;\"><span style=\"color: #ffffff;\"><strong>\u00a0<\/strong><\/span><\/p><ol style=\"text-align: justify;\" start=\"2\"><li><span style=\"color: #ffffff;\"><strong>Respect des derni\u00e8res normes environnementales\u00a0:<\/strong><\/span><\/li><\/ol><p style=\"text-align: justify;\"><span style=\"color: #ffffff;\">Tous les nouveaux b\u00e2timents ont des normes \u00e0 respecter comme la norme BBC (B\u00e2timent de Basse Consommation) ou encore la norme RT-2012.Ce qui vous permet, \u00e0 vous et \u00e0 vos locataires de r\u00e9duire les factures \u00e9nerg\u00e9tiques de fa\u00e7on significative sur le long therme. Vous profitez d\u2019un environnement agr\u00e9able et chaleureux.<\/span><\/p><p style=\"text-align: justify;\">\u00a0<\/p><ol style=\"text-align: justify;\" start=\"3\"><li><span style=\"color: #ffffff;\"><strong>Vous-vous constituez un patrimoine durable\u00a0:<\/strong><\/span><\/li><\/ol><p style=\"text-align: justify;\"><span style=\"color: #ffffff;\">Un logement neuf ne n\u00e9cessite pas de travaux et prend souvent de la valeur dans le temps. Contrairement \u00e0 des placements financiers, l\u2019immobilier est un actif fiable pour vous et votre famille.<\/span><\/p><p style=\"text-align: justify;\">\u00a0<\/p><ol style=\"text-align: justify;\" start=\"4\"><li><span style=\"color: #ffffff;\"><strong>Gagnez de l\u2019argent avec la loi PINEL :<\/strong><\/span><\/li><\/ol><p style=\"text-align: justify;\"><span style=\"color: #ffffff;\">En effet gr\u00e2ce \u00e0 la loi PINEL vous pouvez convertir vos impots en patrimoine immobilier. Ce dispositive encourage par l\u00e9tat, commence \u00e0 \u00eatre tr\u00e8s profitable, d\u00e8s lors que vous payez plus de 2000\u20ac d\u2019impots par an. Au maximum, c\u2019est jusqu\u2019\u00e0 10 000\u20ac d\u2019impots annuel que vous pouvez d\u00e9duire! De plus, grace au Pinel, vous pouvez \u00eatre exon\u00e9r\u00e9 de taxe fonci\u00e8re pendant 2 ans sur votre achat.<\/span><\/p><p style=\"text-align: justify;\"><span style=\"color: #ffffff;\"><strong>\u00a0<\/strong><\/span><\/p><ol style=\"text-align: justify;\" start=\"5\"><li><span style=\"color: #ffffff;\"><strong> Facile, gr\u00e2ce au Pr\u00eat \u00e0 Taux Z\u00e9ro :<\/strong><\/span><\/li><\/ol><p style=\"text-align: justify;\"><span style=\"color: #ffffff;\">En effet vous pouvez b\u00e9n\u00e9ficier d\u2019un PTZ (Pr\u00eat \u00e0 Taux Z\u00e9ro), si vous n\u2019\u00eates pas propri\u00e9taire de votre r\u00e9sidence principale depuis au moins deux ans avant l\u2019obtention du pr\u00eat. Le PTZ pourra financer jusqu\u2019\u00e0 40% maximum du total de votre projet. Il est tr\u00e8s avantageux et facile \u00e0 obtenir aupr\u00e8s de votre banque.<\/span><\/p><p style=\"text-align: justify;\">\u00a0<\/p><ol style=\"text-align: justify;\" start=\"6\"><li><span style=\"color: #ffffff;\"><strong>Des Frais de notaire r\u00e9duit<\/strong><strong>s<\/strong><strong>:<\/strong><\/span><\/li><\/ol><p style=\"text-align: justify;\"><span style=\"color: #ffffff;\">La loi permet une r\u00e9duction des frais de notaire pour l\u2019ensemble des b\u00e2timents construis depuis moins de 5 ans. Ceux-ci repr\u00e9sentent seulement entre 1.9% et 3% du prix d\u2019achat de votre ben. Contre 8% \u00e0 9% habituellement sur le march\u00e9 de l\u2019ancien. De belles \u00e9conomies \u00e0 ne pas n\u00e9gliger lors de votre achat.<\/span><\/p><p style=\"text-align: justify;\"><span style=\"color: #ffffff;\"><strong>\u00a0<\/strong><\/span><\/p><ol style=\"text-align: justify;\" start=\"7\"><li><span style=\"color: #ffffff;\"><strong>B\u00e9n\u00e9fici<\/strong><strong>ez<\/strong><strong> d\u2019une rente locative l\u00e0 o\u00f9 la demande est forte\u00a0:<\/strong><\/span><\/li><\/ol><p style=\"text-align: justify;\"><span style=\"color: #ffffff;\">La loi PINEL est \u00e9ligible seulement dans des zones dit \u00ab\u00a0tendues\u00a0\u00bb ou la demande locative est forte. Ainsi vous \u00eates s\u00fbr d\u2019investir dans un endroit prometteur avec peu ou pas de vacances locatives ce qui assure une rentabilit\u00e9 compl\u00e9mentaire, \u00e0 votre futur investissement.<\/span><\/p><\/div>\n\t\t\t\t<\/div>\n\t\t\t\t<\/div>\n\t\t\t\t\t<\/div>\n\t\t<\/div>\n\t\t\t\t\t\t\t<\/div>\n\t\t<\/section>\n\t\t\t\t<section class=\"elementor-section elementor-top-section elementor-element elementor-element-35c6f33a elementor-section-boxed elementor-section-height-default elementor-section-height-default\" data-id=\"35c6f33a\" data-element_type=\"section\">\n\t\t\t\t\t\t<div class=\"elementor-container elementor-column-gap-extended\">\n\t\t\t\t\t<div class=\"elementor-column elementor-col-33 elementor-top-column elementor-element elementor-element-54dafaf9\" data-id=\"54dafaf9\" data-element_type=\"column\">\n\t\t\t<div class=\"elementor-widget-wrap elementor-element-populated\">\n\t\t\t\t\t\t\t\t<div class=\"elementor-element elementor-element-598e21c9 elementor-hidden-tablet elementor-widget elementor-widget-image\" data-id=\"598e21c9\" data-element_type=\"widget\" data-widget_type=\"image.default\">\n\t\t\t\t<div class=\"elementor-widget-container\">\n\t\t\t\t\t<div class=\"elementor-image\">\n\t\t\t\t\t\t\t\t\t\t<img width=\"371\" height=\"371\" src=\"https:\/\/programme-neuf-rennes.fr\/wp-content\/uploads\/2019\/06\/home-img-01.jpg\" class=\"attachment-full size-full\" alt=\"\" loading=\"lazy\" srcset=\"https:\/\/programme-neuf-rennes.fr\/wp-content\/uploads\/2019\/06\/home-img-01.jpg 371w, https:\/\/programme-neuf-rennes.fr\/wp-content\/uploads\/2019\/06\/home-img-01-300x300.jpg 300w, https:\/\/programme-neuf-rennes.fr\/wp-content\/uploads\/2019\/06\/home-img-01-150x150.jpg 150w, https:\/\/programme-neuf-rennes.fr\/wp-content\/uploads\/2019\/06\/home-img-01-180x180.jpg 180w, https:\/\/programme-neuf-rennes.fr\/wp-content\/uploads\/2019\/06\/home-img-01-120x120.jpg 120w\" sizes=\"(max-width: 371px) 100vw, 371px\" \/>\t\t\t\t\t\t\t\t\t\t\t<\/div>\n\t\t\t\t<\/div>\n\t\t\t\t<\/div>\n\t\t\t\t\t<\/div>\n\t\t<\/div>\n\t\t\t\t<div class=\"elementor-column elementor-col-33 elementor-top-column elementor-element elementor-element-3451b856\" data-id=\"3451b856\" data-element_type=\"column\">\n\t\t\t<div class=\"elementor-widget-wrap elementor-element-populated\">\n\t\t\t\t\t\t\t\t<div class=\"elementor-element elementor-element-2d230ecd wgl-hover_shift-yes elementor-widget-icon-box wgl-icon-box elementor-view-default elementor-position-top elementor-widget elementor-widget-wgl-info-box\" data-id=\"2d230ecd\" data-element_type=\"widget\" data-widget_type=\"wgl-info-box.default\">\n\t\t\t\t<div class=\"elementor-widget-container\">\n\t\t\t<div class=\"wgl-infobox\"><div class=\"wgl-infobox_wrapper elementor-icon-box-wrapper\"><div class=\"wgl-infobox-icon_wrapper elementor-icon-box-icon\"><div class=\"wgl-infobox-icon_container\"><span class=\"wgl-icon elementor-icon elementor-animation-\" ><i class=\"icon flaticon-rgb\"><\/i><\/span><\/div><\/div><div class=\"wgl-infobox-content_wrapper elementor-icon-box-content\"><div class=\"wgl-infobox-title_wrapper\"><h3 class=\"wgl-infobox_title\">Patrimoine<\/h3><\/div><div class=\"wgl-infobox_content\"><p>Contactez nos conseillers pour une analyse d\u00e9taill\u00e9e de votre situation patrimoniale<\/p><\/div><\/div><\/div><\/div>\t\t<\/div>\n\t\t\t\t<\/div>\n\t\t\t\t\t<\/div>\n\t\t<\/div>\n\t\t\t\t<div class=\"elementor-column elementor-col-33 elementor-top-column elementor-element elementor-element-4abb8621\" data-id=\"4abb8621\" data-element_type=\"column\">\n\t\t\t<div class=\"elementor-widget-wrap elementor-element-populated\">\n\t\t\t\t\t\t\t\t<div class=\"elementor-element elementor-element-683539c2 elementor-hidden-tablet elementor-widget elementor-widget-image\" data-id=\"683539c2\" data-element_type=\"widget\" data-widget_type=\"image.default\">\n\t\t\t\t<div class=\"elementor-widget-container\">\n\t\t\t\t\t<div class=\"elementor-image\">\n\t\t\t\t\t\t\t\t\t\t<img width=\"371\" height=\"371\" src=\"https:\/\/programme-neuf-rennes.fr\/wp-content\/uploads\/2019\/06\/home-img-02.jpg\" class=\"attachment-full size-full\" alt=\"\" loading=\"lazy\" srcset=\"https:\/\/programme-neuf-rennes.fr\/wp-content\/uploads\/2019\/06\/home-img-02.jpg 371w, https:\/\/programme-neuf-rennes.fr\/wp-content\/uploads\/2019\/06\/home-img-02-300x300.jpg 300w, https:\/\/programme-neuf-rennes.fr\/wp-content\/uploads\/2019\/06\/home-img-02-150x150.jpg 150w, https:\/\/programme-neuf-rennes.fr\/wp-content\/uploads\/2019\/06\/home-img-02-180x180.jpg 180w, https:\/\/programme-neuf-rennes.fr\/wp-content\/uploads\/2019\/06\/home-img-02-120x120.jpg 120w\" sizes=\"(max-width: 371px) 100vw, 371px\" \/>\t\t\t\t\t\t\t\t\t\t\t<\/div>\n\t\t\t\t<\/div>\n\t\t\t\t<\/div>\n\t\t\t\t\t<\/div>\n\t\t<\/div>\n\t\t\t\t\t\t\t<\/div>\n\t\t<\/section>\n\t\t\t\t<section class=\"elementor-section elementor-top-section elementor-element elementor-element-4a502b2 elementor-section-boxed elementor-section-height-default elementor-section-height-default\" data-id=\"4a502b2\" data-element_type=\"section\">\n\t\t\t\t\t\t<div class=\"elementor-container elementor-column-gap-default\">\n\t\t\t\t\t<div class=\"elementor-column elementor-col-100 elementor-top-column elementor-element elementor-element-9d5bb73\" data-id=\"9d5bb73\" data-element_type=\"column\">\n\t\t\t<div class=\"elementor-widget-wrap elementor-element-populated\">\n\t\t\t\t\t\t\t\t<div class=\"elementor-element elementor-element-142f358 elementor-widget elementor-widget-text-editor\" data-id=\"142f358\" data-element_type=\"widget\" data-widget_type=\"text-editor.default\">\n\t\t\t\t<div class=\"elementor-widget-container\">\n\t\t\t\t\t<div class=\"elementor-text-editor elementor-clearfix\"><div role=\"form\" class=\"wpcf7\" id=\"wpcf7-f1000-o1\" lang=\"en-US\" dir=\"ltr\">\n<div class=\"screen-reader-response\"><p role=\"status\" aria-live=\"polite\" aria-atomic=\"true\"><\/p> <ul><\/ul><\/div>\n<form action=\"\/index.php\/wp-json\/wp\/v2\/pages\/2275#wpcf7-f1000-o1\" method=\"post\" class=\"wpcf7-form init demo\" novalidate=\"novalidate\" data-status=\"init\">\n<div style=\"display: none;\">\n<input type=\"hidden\" name=\"_wpcf7\" value=\"1000\" \/>\n<input type=\"hidden\" name=\"_wpcf7_version\" value=\"5.4\" \/>\n<input type=\"hidden\" name=\"_wpcf7_locale\" value=\"en_US\" \/>\n<input type=\"hidden\" name=\"_wpcf7_unit_tag\" value=\"wpcf7-f1000-o1\" \/>\n<input type=\"hidden\" name=\"_wpcf7_container_post\" value=\"0\" \/>\n<input type=\"hidden\" name=\"_wpcf7_posted_data_hash\" value=\"\" \/>\n<input type=\"hidden\" name=\"_wpcf7_recaptcha_response\" value=\"\" \/>\n<\/div>\n<p><label> Nom<br \/>\n    <span class=\"wpcf7-form-control-wrap your-name\"><input type=\"text\" name=\"your-name\" value=\"\" size=\"40\" class=\"wpcf7-form-control wpcf7-text wpcf7-validates-as-required\" aria-required=\"true\" aria-invalid=\"false\" \/><\/span> <\/label><br \/>\n<label> Email<br \/>\n    <span class=\"wpcf7-form-control-wrap your-email\"><input type=\"email\" name=\"your-email\" value=\"\" size=\"40\" class=\"wpcf7-form-control wpcf7-text wpcf7-email wpcf7-validates-as-required wpcf7-validates-as-email\" aria-required=\"true\" aria-invalid=\"false\" \/><\/span> <\/label><br \/>\n<label> T\u00e9l\u00e9phone<br \/>\n    <span class=\"wpcf7-form-control-wrap your-subject\"><input type=\"text\" name=\"your-subject\" value=\"\" size=\"40\" class=\"wpcf7-form-control wpcf7-text\" aria-invalid=\"false\" \/><\/span> <\/label><br \/>\n<input type=\"submit\" value=\"Contactez nous\" class=\"wpcf7-form-control wpcf7-submit\" \/><\/p>\n<div class=\"wpcf7-response-output\" aria-hidden=\"true\"><\/div><\/form><\/div><\/div>\n\t\t\t\t<\/div>\n\t\t\t\t<\/div>\n\t\t\t\t\t<\/div>\n\t\t<\/div>\n\t\t\t\t\t\t\t<\/div>\n\t\t<\/section>\n\t\t\t\t\t\t<\/div>\n\t\t\t\t\t<\/div>\n\t\t","protected":false},"excerpt":{"rendered":"<p>Immobilier Patrimonial Mettre en place une strat\u00e9gie d&#8217;investissement efficace Parfois, on peut lire dans la presse qu\u2019il est trop tard pour investir dans l\u2019immobilier ou que celui-ci n\u2019est plus int\u00e9ressant en terme de rentabilit\u00e9 : c\u2019est faux et nous vous le prouverons. 7 raisons d\u2019investir dans l\u2019immobilier neuf \u00a0 Que vous vouliez acheter pour vous, [&hellip;]<\/p>\n","protected":false},"author":1,"featured_media":0,"parent":0,"menu_order":0,"comment_status":"closed","ping_status":"closed","template":"","meta":[],"yoast_head":"<!-- This site is optimized with the Yoast SEO plugin v16.1.1 - https:\/\/yoast.com\/wordpress\/plugins\/seo\/ -->\n<title>Investir dans l\u2019immobilier patrimonial - Lhermine Immobilier<\/title>\n<link rel=\"canonical\" href=\"https:\/\/programme-neuf-rennes.fr\/index.php\/investir-dans-limmobilier-patrimonial\/\" \/>\n<meta property=\"og:locale\" content=\"fr_FR\" \/>\n<meta property=\"og:type\" content=\"article\" \/>\n<meta property=\"og:title\" content=\"Investir dans l\u2019immobilier patrimonial - Lhermine Immobilier\" \/>\n<meta property=\"og:description\" content=\"Immobilier Patrimonial Mettre en place une strat\u00e9gie d&#8217;investissement efficace Parfois, on peut lire dans la presse qu\u2019il est trop tard pour investir dans l\u2019immobilier ou que celui-ci n\u2019est plus int\u00e9ressant en terme de rentabilit\u00e9 : c\u2019est faux et nous vous le prouverons. 7 raisons d\u2019investir dans l\u2019immobilier neuf \u00a0 Que vous vouliez acheter pour vous, [&hellip;]\" \/>\n<meta property=\"og:url\" content=\"https:\/\/programme-neuf-rennes.fr\/index.php\/investir-dans-limmobilier-patrimonial\/\" \/>\n<meta property=\"og:site_name\" content=\"Lhermine Immobilier\" \/>\n<meta property=\"article:modified_time\" content=\"2021-04-15T14:31:42+00:00\" \/>\n<meta property=\"og:image\" content=\"https:\/\/programme-neuf-rennes.fr\/wp-content\/uploads\/2021\/03\/hh.jpeg\" \/>\n<meta name=\"twitter:card\" content=\"summary_large_image\" \/>\n<meta name=\"twitter:label1\" content=\"Dur\u00e9e de lecture est.\">\n\t<meta name=\"twitter:data1\" content=\"3 minutes\">\n<script type=\"application\/ld+json\" class=\"yoast-schema-graph\">{\"@context\":\"https:\/\/schema.org\",\"@graph\":[{\"@type\":\"WebSite\",\"@id\":\"https:\/\/programme-neuf-rennes.fr\/#website\",\"url\":\"https:\/\/programme-neuf-rennes.fr\/\",\"name\":\"Lhermine Immobilier\",\"description\":\"Programme immobilier Neuf Rennes - Investissement et d\\u00e9fiscalisastion\",\"potentialAction\":[{\"@type\":\"SearchAction\",\"target\":\"https:\/\/programme-neuf-rennes.fr\/?s={search_term_string}\",\"query-input\":\"required name=search_term_string\"}],\"inLanguage\":\"fr-FR\"},{\"@type\":\"ImageObject\",\"@id\":\"https:\/\/programme-neuf-rennes.fr\/index.php\/investir-dans-limmobilier-patrimonial\/#primaryimage\",\"inLanguage\":\"fr-FR\",\"url\":\"https:\/\/programme-neuf-rennes.fr\/wp-content\/uploads\/2021\/03\/hh.jpeg\",\"contentUrl\":\"https:\/\/programme-neuf-rennes.fr\/wp-content\/uploads\/2021\/03\/hh.jpeg\",\"width\":1920,\"height\":1280,\"caption\":\"programme neuf rennes\"},{\"@type\":\"WebPage\",\"@id\":\"https:\/\/programme-neuf-rennes.fr\/index.php\/investir-dans-limmobilier-patrimonial\/#webpage\",\"url\":\"https:\/\/programme-neuf-rennes.fr\/index.php\/investir-dans-limmobilier-patrimonial\/\",\"name\":\"Investir dans l\\u2019immobilier patrimonial - Lhermine Immobilier\",\"isPartOf\":{\"@id\":\"https:\/\/programme-neuf-rennes.fr\/#website\"},\"primaryImageOfPage\":{\"@id\":\"https:\/\/programme-neuf-rennes.fr\/index.php\/investir-dans-limmobilier-patrimonial\/#primaryimage\"},\"datePublished\":\"2021-03-24T11:50:28+00:00\",\"dateModified\":\"2021-04-15T14:31:42+00:00\",\"breadcrumb\":{\"@id\":\"https:\/\/programme-neuf-rennes.fr\/index.php\/investir-dans-limmobilier-patrimonial\/#breadcrumb\"},\"inLanguage\":\"fr-FR\",\"potentialAction\":[{\"@type\":\"ReadAction\",\"target\":[\"https:\/\/programme-neuf-rennes.fr\/index.php\/investir-dans-limmobilier-patrimonial\/\"]}]},{\"@type\":\"BreadcrumbList\",\"@id\":\"https:\/\/programme-neuf-rennes.fr\/index.php\/investir-dans-limmobilier-patrimonial\/#breadcrumb\",\"itemListElement\":[{\"@type\":\"ListItem\",\"position\":1,\"item\":{\"@type\":\"WebPage\",\"@id\":\"https:\/\/programme-neuf-rennes.fr\/\",\"url\":\"https:\/\/programme-neuf-rennes.fr\/\",\"name\":\"Accueil\"}},{\"@type\":\"ListItem\",\"position\":2,\"item\":{\"@type\":\"WebPage\",\"@id\":\"https:\/\/programme-neuf-rennes.fr\/index.php\/investir-dans-limmobilier-patrimonial\/\",\"url\":\"https:\/\/programme-neuf-rennes.fr\/index.php\/investir-dans-limmobilier-patrimonial\/\",\"name\":\"Investir dans l\\u2019immobilier patrimonial\"}}]}]}<\/script>\n<!-- \/ Yoast SEO plugin. -->","_links":{"self":[{"href":"https:\/\/programme-neuf-rennes.fr\/index.php\/wp-json\/wp\/v2\/pages\/2275"}],"collection":[{"href":"https:\/\/programme-neuf-rennes.fr\/index.php\/wp-json\/wp\/v2\/pages"}],"about":[{"href":"https:\/\/programme-neuf-rennes.fr\/index.php\/wp-json\/wp\/v2\/types\/page"}],"author":[{"embeddable":true,"href":"https:\/\/programme-neuf-rennes.fr\/index.php\/wp-json\/wp\/v2\/users\/1"}],"replies":[{"embeddable":true,"href":"https:\/\/programme-neuf-rennes.fr\/index.php\/wp-json\/wp\/v2\/comments?post=2275"}],"version-history":[{"count":0,"href":"https:\/\/programme-neuf-rennes.fr\/index.php\/wp-json\/wp\/v2\/pages\/2275\/revisions"}],"wp:attachment":[{"href":"https:\/\/programme-neuf-rennes.fr\/index.php\/wp-json\/wp\/v2\/media?parent=2275"}],"curies":[{"name":"wp","href":"https:\/\/api.w.org\/{rel}","templated":true}]}}