{"id":2273,"date":"2021-03-24T12:49:27","date_gmt":"2021-03-24T11:49:27","guid":{"rendered":"https:\/\/programme-neuf-rennes.fr\/?page_id=2273"},"modified":"2021-04-16T09:23:00","modified_gmt":"2021-04-16T07:23:00","slug":"acheter-sa-residence-principale","status":"publish","type":"page","link":"https:\/\/programme-neuf-rennes.fr\/index.php\/acheter-sa-residence-principale\/","title":{"rendered":"Acheter sa r\u00e9sidence principale"},"content":{"rendered":"\t\t<div data-elementor-type=\"wp-page\" data-elementor-id=\"2273\" class=\"elementor elementor-2273\" data-elementor-settings=\"[]\">\n\t\t\t\t\t\t\t<div class=\"elementor-section-wrap\">\n\t\t\t\t\t\t\t<section class=\"elementor-section elementor-top-section elementor-element elementor-element-3a7ea21f elementor-section-full_width elementor-section-stretched elementor-section-height-default elementor-section-height-default\" data-id=\"3a7ea21f\" data-element_type=\"section\" data-settings=\"{&quot;background_background&quot;:&quot;classic&quot;,&quot;stretch_section&quot;:&quot;section-stretched&quot;}\">\n\t\t\t\t\t\t<div class=\"elementor-container elementor-column-gap-no\">\n\t\t\t\t\t<div class=\"elementor-column elementor-col-50 elementor-top-column elementor-element elementor-element-64e94b49 elementor-hidden-tablet elementor-hidden-phone\" data-id=\"64e94b49\" data-element_type=\"column\" data-settings=\"{&quot;background_background&quot;:&quot;classic&quot;}\">\n\t\t\t<div class=\"elementor-widget-wrap elementor-element-populated\">\n\t\t\t\t\t\t\t\t<div class=\"elementor-element elementor-element-7b952706 elementor-widget elementor-widget-image\" data-id=\"7b952706\" data-element_type=\"widget\" data-widget_type=\"image.default\">\n\t\t\t\t<div class=\"elementor-widget-container\">\n\t\t\t\t\t<div class=\"elementor-image\">\n\t\t\t\t\t\t\t\t\t\t<img width=\"2000\" height=\"1333\" src=\"https:\/\/programme-neuf-rennes.fr\/wp-content\/uploads\/2021\/03\/acheter-r-principale.jpeg\" class=\"attachment-full size-full\" alt=\"programme neuf rennes\" loading=\"lazy\" srcset=\"https:\/\/programme-neuf-rennes.fr\/wp-content\/uploads\/2021\/03\/acheter-r-principale.jpeg 2000w, https:\/\/programme-neuf-rennes.fr\/wp-content\/uploads\/2021\/03\/acheter-r-principale-300x200.jpeg 300w, https:\/\/programme-neuf-rennes.fr\/wp-content\/uploads\/2021\/03\/acheter-r-principale-1024x682.jpeg 1024w, https:\/\/programme-neuf-rennes.fr\/wp-content\/uploads\/2021\/03\/acheter-r-principale-768x512.jpeg 768w, https:\/\/programme-neuf-rennes.fr\/wp-content\/uploads\/2021\/03\/acheter-r-principale-1536x1024.jpeg 1536w\" sizes=\"(max-width: 2000px) 100vw, 2000px\" \/>\t\t\t\t\t\t\t\t\t\t\t<\/div>\n\t\t\t\t<\/div>\n\t\t\t\t<\/div>\n\t\t\t\t\t<\/div>\n\t\t<\/div>\n\t\t\t\t<div class=\"elementor-column elementor-col-50 elementor-top-column elementor-element elementor-element-260ff28f\" data-id=\"260ff28f\" data-element_type=\"column\" data-settings=\"{&quot;background_background&quot;:&quot;classic&quot;}\">\n\t\t\t<div class=\"elementor-widget-wrap elementor-element-populated\">\n\t\t\t\t\t\t\t\t<div class=\"elementor-element elementor-element-4765eaf6 elementor-widget elementor-widget-spacer\" data-id=\"4765eaf6\" data-element_type=\"widget\" data-widget_type=\"spacer.default\">\n\t\t\t\t<div class=\"elementor-widget-container\">\n\t\t\t\t\t<div class=\"elementor-spacer\">\n\t\t\t<div class=\"elementor-spacer-inner\"><\/div>\n\t\t<\/div>\n\t\t\t\t<\/div>\n\t\t\t\t<\/div>\n\t\t\t\t<div class=\"elementor-element elementor-element-1a61719d aleft elementor-widget elementor-widget-wgl-double-headings\" data-id=\"1a61719d\" data-element_type=\"widget\" data-widget_type=\"wgl-double-headings.default\">\n\t\t\t\t<div class=\"elementor-widget-container\">\n\t\t\t<div class=\"wgl-double_heading\">                <h3 class=\"dbl-title_wrapper\"><span class=\"dbl-title dbl-title_1\">Devenir<\/span> <span class=\"dbl-title dbl-title_2\">Propri\u00e9taire<\/span>                 <\/h3>        <\/div>\t\t<\/div>\n\t\t\t\t<\/div>\n\t\t\t\t<div class=\"elementor-element elementor-element-5efce0db elementor-widget elementor-widget-text-editor\" data-id=\"5efce0db\" data-element_type=\"widget\" data-widget_type=\"text-editor.default\">\n\t\t\t\t<div class=\"elementor-widget-container\">\n\t\t\t\t\t<div class=\"elementor-text-editor elementor-clearfix\"><p>Investir pour vous et votre famille dans l&#8217;immobilier de la ville de Rennes<\/p><\/div>\n\t\t\t\t<\/div>\n\t\t\t\t<\/div>\n\t\t\t\t<div class=\"elementor-element elementor-element-35d4ab8f elementor-widget elementor-widget-spacer\" data-id=\"35d4ab8f\" data-element_type=\"widget\" data-widget_type=\"spacer.default\">\n\t\t\t\t<div class=\"elementor-widget-container\">\n\t\t\t\t\t<div class=\"elementor-spacer\">\n\t\t\t<div class=\"elementor-spacer-inner\"><\/div>\n\t\t<\/div>\n\t\t\t\t<\/div>\n\t\t\t\t<\/div>\n\t\t\t\t<div class=\"elementor-element elementor-element-2d4ae2f1 elementor-widget elementor-widget-spacer\" data-id=\"2d4ae2f1\" data-element_type=\"widget\" data-widget_type=\"spacer.default\">\n\t\t\t\t<div class=\"elementor-widget-container\">\n\t\t\t\t\t<div class=\"elementor-spacer\">\n\t\t\t<div class=\"elementor-spacer-inner\"><\/div>\n\t\t<\/div>\n\t\t\t\t<\/div>\n\t\t\t\t<\/div>\n\t\t\t\t\t<\/div>\n\t\t<\/div>\n\t\t\t\t\t\t\t<\/div>\n\t\t<\/section>\n\t\t\t\t<section class=\"elementor-section elementor-top-section elementor-element elementor-element-bca991d elementor-section-boxed elementor-section-height-default elementor-section-height-default\" data-id=\"bca991d\" data-element_type=\"section\">\n\t\t\t\t\t\t<div class=\"elementor-container elementor-column-gap-default\">\n\t\t\t\t\t<div class=\"elementor-column elementor-col-100 elementor-top-column elementor-element elementor-element-51e789f\" data-id=\"51e789f\" data-element_type=\"column\">\n\t\t\t<div class=\"elementor-widget-wrap elementor-element-populated\">\n\t\t\t\t\t\t\t\t<div class=\"elementor-element elementor-element-9c9e20e elementor-widget elementor-widget-text-editor\" data-id=\"9c9e20e\" data-element_type=\"widget\" data-widget_type=\"text-editor.default\">\n\t\t\t\t<div class=\"elementor-widget-container\">\n\t\t\t\t\t<div class=\"elementor-text-editor elementor-clearfix\"><p><\/p>\n<p style=\"text-align: justify;\"><span style=\"color: #ffffff;\">Vous souhaitez trouver votre future residence principale dans le neuf ?<\/span><\/p>\n<p style=\"text-align: justify;\"><span style=\"color: #ffffff;\">Contactez-nous rapidement. Nous suivons quotidiennement l\u2019\u00e9volution de l\u2019offre et du march\u00e9. Nos salari\u00e9s sont des professionnels aguerris qui regarderont en premier vos int\u00e9r\u00eats. Nous vous indiquons pr\u00e9cis\u00e9ment les tendances du ou des secteurs qui vous conviennent.<\/span><\/p>\n<p style=\"text-align: justify;\">\n<\/p><p style=\"text-align: justify;\"><span style=\"color: #ffffff;\">Afin de r\u00e9ussir votre future acquisition, voici une question importante : pourquoi faire le choix d\u2019investir dans le neuf ?<\/span><\/p>\n<p style=\"text-align: justify;\">\n<\/p><p style=\"text-align: justify;\"><span style=\"color: #ffffff;\">Il y a beaucoup d\u2019int\u00e9r\u00eat \u00e0 investir dans une r\u00e9sidence neuve, en particulier parce que le confort est g\u00e9n\u00e9ralement \u00e9lev\u00e9 et que la consommation \u00e9nerg\u00e9tique est basse.<\/span><\/p>\n<p style=\"text-align: justify;\">\n<\/p><p style=\"text-align: justify;\"><span style=\"color: #ffffff;\">Les constructeurs doivent absolument respecter des normes contraignantes (RT 2012 ou RT 2020) qui permettent de r\u00e9duire l\u2019impact environnemental et donner aux occupants, une qualit\u00e9 de vie appr\u00e9ciable.<\/span><\/p>\n<p style=\"text-align: justify;\">\n<\/p><p style=\"text-align: justify;\"><span style=\"color: #ffffff;\">En particulier, nous vous conseillons de vous renseigner sur le type d\u2019isolation ainsi que le degr\u00e9 de finition. Si vous n\u2019aimez pas bricoler, ne vous lancez dans un bien immobilier \u00e0 r\u00e9nover : vous perdrez beaucoup de temps et votre moral pourra en prendre un coup !<\/span><\/p>\n<p style=\"text-align: justify;\">\n<\/p><p style=\"text-align: justify;\"><span style=\"color: #ffffff;\">Dans tous les cas, votre patrimoine foncier est une assurance pour le futur car la valeur va monter d\u2019ann\u00e9es en ann\u00e9es et de plus, vous pourrez facilement transmettre ce patrimoine \u00e0 vos enfants.<\/span><\/p>\n<p style=\"text-align: justify;\">\n<\/p><p style=\"text-align: justify;\"><span style=\"color: #ffffff;\">Comment ne pas faire d\u2019erreur lorsqu\u2019on souhaite acheter un bien immobilier ?<\/span><\/p>\n<p style=\"text-align: justify;\">\n<\/p><p style=\"text-align: justify;\"><span style=\"color: #ffffff;\">Appuyez-vous sur l\u2019exp\u00e9rience de vrais professionnels. On ne s\u2019improvise pas expert dans ce domaine au bout de deux ou trois ans : notre agence est reconnue depuis plus de 15 ans pour la qualit\u00e9 de ses conseils et l\u2019accompagnement qu\u2019elle propose aux acheteurs ou investisseurs.<\/span><\/p>\n<p style=\"text-align: justify;\">\n<\/p><p style=\"text-align: justify;\"><span style=\"color: #ffffff;\">Le march\u00e9 immobilier \u00e0 Rennes ou Saint-Malo est tr\u00e8s mobile : il est donc indispensable d\u2019en conna\u00eetre pr\u00e9cis\u00e9ment les r\u00e8gles.<\/span><\/p>\n<p style=\"text-align: justify;\">\n<\/p><p style=\"text-align: justify;\"><span style=\"color: #ffffff;\">En vous rencontrant, nous vous poserons des questions importantes comme par exemple votre lieu professionnel, quelle est votre situation familiale, si vous avez des enfants en bas \u00e2ge et dans ce cas, dans quelle \u00e9cole vous souhaitez les mettre.<\/span><\/p>\n<p style=\"text-align: justify;\">\n<\/p><p style=\"text-align: justify;\"><span style=\"color: #ffffff;\">Peut-\u00eatre avez-vous besoin d\u2019infrastructures particuli\u00e8res et dans ce cas, nous s\u00e9lectionnerons des biens \u00e0 proximit\u00e9.<\/span><\/p>\n<p style=\"text-align: justify;\">\n<\/p><p style=\"text-align: justify;\"><span style=\"color: #ffffff;\">De plus, nous vous expliquerons en termes simples les diff\u00e9rentes possibilit\u00e9s qu\u2019offre l\u2019\u00c9tat pour acqu\u00e9rir une r\u00e9sidence principale.<\/span><\/p>\n<p style=\"text-align: justify;\">\n<\/p><p style=\"text-align: justify;\"><span style=\"color: #ffffff;\">Nous \u00e9voquons avec vous le pr\u00eat \u00e0 taux z\u00e9ro ou PTZ mais aussi la meilleure mani\u00e8re de contracter un cr\u00e9dit et comment faire une pr\u00e9vision de remboursement r\u00e9aliste.<\/span><\/p>\n<p style=\"text-align: justify;\">\n<\/p><p style=\"text-align: justify;\"><span style=\"color: #ffffff;\">Prenez contact avec nous gr\u00e2ce au formulaire en ligne, cela ne vous engage \u00e0 rien et ce sera d\u00e9j\u00e0 une d\u00e9marche constructive afin que nous puissions r\u00e9pondre \u00e0 toutes vos questions.<\/span><\/p>\n<p style=\"text-align: justify;\">\n<\/p><p style=\"text-align: justify;\"><span style=\"color: #ffffff;\">Une petite remarque : le pr\u00eat \u00e0 taux z\u00e9ro n\u2019est pas accord\u00e9 d\u2019office car vous devez \u00eatre \u00e9ligible \u00e0 ce dispositif selon ses conditions.<\/span><\/p><\/div>\n\t\t\t\t<\/div>\n\t\t\t\t<\/div>\n\t\t\t\t\t<\/div>\n\t\t<\/div>\n\t\t\t\t\t\t\t<\/div>\n\t\t<\/section>\n\t\t\t\t<section class=\"elementor-section elementor-top-section elementor-element elementor-element-0a1d1e9 elementor-section-boxed elementor-section-height-default elementor-section-height-default\" data-id=\"0a1d1e9\" data-element_type=\"section\">\n\t\t\t\t\t\t<div class=\"elementor-container elementor-column-gap-default\">\n\t\t\t\t\t<div class=\"elementor-column elementor-col-100 elementor-top-column elementor-element elementor-element-3ac733e\" data-id=\"3ac733e\" data-element_type=\"column\">\n\t\t\t<div class=\"elementor-widget-wrap elementor-element-populated\">\n\t\t\t\t\t\t\t\t<div class=\"elementor-element elementor-element-af217f3 elementor-widget elementor-widget-text-editor\" data-id=\"af217f3\" data-element_type=\"widget\" data-widget_type=\"text-editor.default\">\n\t\t\t\t<div class=\"elementor-widget-container\">\n\t\t\t\t\t<div class=\"elementor-text-editor elementor-clearfix\"><div role=\"form\" class=\"wpcf7\" id=\"wpcf7-f1000-o1\" lang=\"en-US\" dir=\"ltr\">\n<div class=\"screen-reader-response\"><p role=\"status\" aria-live=\"polite\" aria-atomic=\"true\"><\/p> <ul><\/ul><\/div>\n<form action=\"\/index.php\/wp-json\/wp\/v2\/pages\/2273#wpcf7-f1000-o1\" method=\"post\" class=\"wpcf7-form init demo\" novalidate=\"novalidate\" data-status=\"init\">\n<div style=\"display: none;\">\n<input type=\"hidden\" name=\"_wpcf7\" value=\"1000\" \/>\n<input type=\"hidden\" name=\"_wpcf7_version\" value=\"5.4\" \/>\n<input type=\"hidden\" name=\"_wpcf7_locale\" value=\"en_US\" \/>\n<input type=\"hidden\" name=\"_wpcf7_unit_tag\" value=\"wpcf7-f1000-o1\" \/>\n<input type=\"hidden\" name=\"_wpcf7_container_post\" value=\"0\" \/>\n<input type=\"hidden\" name=\"_wpcf7_posted_data_hash\" value=\"\" \/>\n<input type=\"hidden\" name=\"_wpcf7_recaptcha_response\" value=\"\" \/>\n<\/div>\n<p><label> Nom<br \/>\n    <span class=\"wpcf7-form-control-wrap your-name\"><input type=\"text\" name=\"your-name\" value=\"\" size=\"40\" class=\"wpcf7-form-control wpcf7-text wpcf7-validates-as-required\" aria-required=\"true\" aria-invalid=\"false\" \/><\/span> <\/label><br \/>\n<label> Email<br \/>\n    <span class=\"wpcf7-form-control-wrap your-email\"><input type=\"email\" name=\"your-email\" value=\"\" size=\"40\" class=\"wpcf7-form-control wpcf7-text wpcf7-email wpcf7-validates-as-required wpcf7-validates-as-email\" aria-required=\"true\" aria-invalid=\"false\" \/><\/span> <\/label><br \/>\n<label> T\u00e9l\u00e9phone<br \/>\n    <span class=\"wpcf7-form-control-wrap your-subject\"><input type=\"text\" name=\"your-subject\" value=\"\" size=\"40\" class=\"wpcf7-form-control wpcf7-text\" aria-invalid=\"false\" \/><\/span> <\/label><br \/>\n<input type=\"submit\" value=\"Contactez nous\" class=\"wpcf7-form-control wpcf7-submit\" \/><\/p>\n<div class=\"wpcf7-response-output\" aria-hidden=\"true\"><\/div><\/form><\/div><\/div>\n\t\t\t\t<\/div>\n\t\t\t\t<\/div>\n\t\t\t\t\t<\/div>\n\t\t<\/div>\n\t\t\t\t\t\t\t<\/div>\n\t\t<\/section>\n\t\t\t\t\t\t<\/div>\n\t\t\t\t\t<\/div>\n\t\t","protected":false},"excerpt":{"rendered":"<p>Devenir Propri\u00e9taire Investir pour vous et votre famille dans l&#8217;immobilier de la ville de Rennes Vous souhaitez trouver votre future residence principale dans le neuf ? Contactez-nous rapidement. Nous suivons quotidiennement l\u2019\u00e9volution de l\u2019offre et du march\u00e9. Nos salari\u00e9s sont des professionnels aguerris qui regarderont en premier vos int\u00e9r\u00eats. Nous vous indiquons pr\u00e9cis\u00e9ment les tendances [&hellip;]<\/p>\n","protected":false},"author":1,"featured_media":0,"parent":0,"menu_order":0,"comment_status":"closed","ping_status":"closed","template":"","meta":[],"yoast_head":"<!-- This site is optimized with the Yoast SEO plugin v16.1.1 - https:\/\/yoast.com\/wordpress\/plugins\/seo\/ -->\n<title>Acheter sa r\u00e9sidence principale - Lhermine Immobilier<\/title>\n<link rel=\"canonical\" href=\"https:\/\/programme-neuf-rennes.fr\/index.php\/acheter-sa-residence-principale\/\" \/>\n<meta property=\"og:locale\" content=\"fr_FR\" \/>\n<meta property=\"og:type\" content=\"article\" \/>\n<meta property=\"og:title\" content=\"Acheter sa r\u00e9sidence principale - Lhermine Immobilier\" \/>\n<meta property=\"og:description\" content=\"Devenir Propri\u00e9taire Investir pour vous et votre famille dans l&#8217;immobilier de la ville de Rennes Vous souhaitez trouver votre future residence principale dans le neuf ? Contactez-nous rapidement. Nous suivons quotidiennement l\u2019\u00e9volution de l\u2019offre et du march\u00e9. Nos salari\u00e9s sont des professionnels aguerris qui regarderont en premier vos int\u00e9r\u00eats. Nous vous indiquons pr\u00e9cis\u00e9ment les tendances [&hellip;]\" \/>\n<meta property=\"og:url\" content=\"https:\/\/programme-neuf-rennes.fr\/index.php\/acheter-sa-residence-principale\/\" \/>\n<meta property=\"og:site_name\" content=\"Lhermine Immobilier\" \/>\n<meta property=\"article:modified_time\" content=\"2021-04-16T07:23:00+00:00\" \/>\n<meta property=\"og:image\" content=\"https:\/\/programme-neuf-rennes.fr\/wp-content\/uploads\/2021\/03\/acheter-r-principale.jpeg\" \/>\n<meta name=\"twitter:card\" content=\"summary_large_image\" \/>\n<meta name=\"twitter:label1\" content=\"Dur\u00e9e de lecture est.\">\n\t<meta name=\"twitter:data1\" content=\"3 minutes\">\n<script type=\"application\/ld+json\" class=\"yoast-schema-graph\">{\"@context\":\"https:\/\/schema.org\",\"@graph\":[{\"@type\":\"WebSite\",\"@id\":\"https:\/\/programme-neuf-rennes.fr\/#website\",\"url\":\"https:\/\/programme-neuf-rennes.fr\/\",\"name\":\"Lhermine Immobilier\",\"description\":\"Programme immobilier Neuf Rennes - Investissement et d\\u00e9fiscalisastion\",\"potentialAction\":[{\"@type\":\"SearchAction\",\"target\":\"https:\/\/programme-neuf-rennes.fr\/?s={search_term_string}\",\"query-input\":\"required name=search_term_string\"}],\"inLanguage\":\"fr-FR\"},{\"@type\":\"ImageObject\",\"@id\":\"https:\/\/programme-neuf-rennes.fr\/index.php\/acheter-sa-residence-principale\/#primaryimage\",\"inLanguage\":\"fr-FR\",\"url\":\"https:\/\/programme-neuf-rennes.fr\/wp-content\/uploads\/2021\/03\/acheter-r-principale.jpeg\",\"contentUrl\":\"https:\/\/programme-neuf-rennes.fr\/wp-content\/uploads\/2021\/03\/acheter-r-principale.jpeg\",\"width\":2000,\"height\":1333,\"caption\":\"architect showing new family house model to customer at office\"},{\"@type\":\"WebPage\",\"@id\":\"https:\/\/programme-neuf-rennes.fr\/index.php\/acheter-sa-residence-principale\/#webpage\",\"url\":\"https:\/\/programme-neuf-rennes.fr\/index.php\/acheter-sa-residence-principale\/\",\"name\":\"Acheter sa r\\u00e9sidence principale - Lhermine Immobilier\",\"isPartOf\":{\"@id\":\"https:\/\/programme-neuf-rennes.fr\/#website\"},\"primaryImageOfPage\":{\"@id\":\"https:\/\/programme-neuf-rennes.fr\/index.php\/acheter-sa-residence-principale\/#primaryimage\"},\"datePublished\":\"2021-03-24T11:49:27+00:00\",\"dateModified\":\"2021-04-16T07:23:00+00:00\",\"breadcrumb\":{\"@id\":\"https:\/\/programme-neuf-rennes.fr\/index.php\/acheter-sa-residence-principale\/#breadcrumb\"},\"inLanguage\":\"fr-FR\",\"potentialAction\":[{\"@type\":\"ReadAction\",\"target\":[\"https:\/\/programme-neuf-rennes.fr\/index.php\/acheter-sa-residence-principale\/\"]}]},{\"@type\":\"BreadcrumbList\",\"@id\":\"https:\/\/programme-neuf-rennes.fr\/index.php\/acheter-sa-residence-principale\/#breadcrumb\",\"itemListElement\":[{\"@type\":\"ListItem\",\"position\":1,\"item\":{\"@type\":\"WebPage\",\"@id\":\"https:\/\/programme-neuf-rennes.fr\/\",\"url\":\"https:\/\/programme-neuf-rennes.fr\/\",\"name\":\"Accueil\"}},{\"@type\":\"ListItem\",\"position\":2,\"item\":{\"@type\":\"WebPage\",\"@id\":\"https:\/\/programme-neuf-rennes.fr\/index.php\/acheter-sa-residence-principale\/\",\"url\":\"https:\/\/programme-neuf-rennes.fr\/index.php\/acheter-sa-residence-principale\/\",\"name\":\"Acheter sa r\\u00e9sidence principale\"}}]}]}<\/script>\n<!-- \/ Yoast SEO plugin. -->","_links":{"self":[{"href":"https:\/\/programme-neuf-rennes.fr\/index.php\/wp-json\/wp\/v2\/pages\/2273"}],"collection":[{"href":"https:\/\/programme-neuf-rennes.fr\/index.php\/wp-json\/wp\/v2\/pages"}],"about":[{"href":"https:\/\/programme-neuf-rennes.fr\/index.php\/wp-json\/wp\/v2\/types\/page"}],"author":[{"embeddable":true,"href":"https:\/\/programme-neuf-rennes.fr\/index.php\/wp-json\/wp\/v2\/users\/1"}],"replies":[{"embeddable":true,"href":"https:\/\/programme-neuf-rennes.fr\/index.php\/wp-json\/wp\/v2\/comments?post=2273"}],"version-history":[{"count":0,"href":"https:\/\/programme-neuf-rennes.fr\/index.php\/wp-json\/wp\/v2\/pages\/2273\/revisions"}],"wp:attachment":[{"href":"https:\/\/programme-neuf-rennes.fr\/index.php\/wp-json\/wp\/v2\/media?parent=2273"}],"curies":[{"name":"wp","href":"https:\/\/api.w.org\/{rel}","templated":true}]}}