{"id":1028,"date":"2019-07-04T08:19:34","date_gmt":"2019-07-04T08:19:34","guid":{"rendered":"http:\/\/stoni.wgl-demo.net\/?page_id=1028"},"modified":"2021-03-24T16:02:20","modified_gmt":"2021-03-24T15:02:20","slug":"our-mission","status":"publish","type":"page","link":"https:\/\/programme-neuf-rennes.fr\/index.php\/our-mission\/","title":{"rendered":"La soci\u00e9t\u00e9"},"content":{"rendered":"\t\t<div data-elementor-type=\"wp-post\" data-elementor-id=\"1028\" class=\"elementor elementor-1028\" data-elementor-settings=\"[]\">\n\t\t\t\t\t\t\t<div class=\"elementor-section-wrap\">\n\t\t\t\t\t\t\t<section class=\"elementor-section elementor-top-section elementor-element elementor-element-9b1001c elementor-section-full_width elementor-section-height-default elementor-section-height-default\" data-id=\"9b1001c\" data-element_type=\"section\">\n\t\t\t\t\t\t<div class=\"elementor-container elementor-column-gap-no\">\n\t\t\t\t\t<div class=\"elementor-column elementor-col-100 elementor-top-column elementor-element elementor-element-ec8c9b8\" data-id=\"ec8c9b8\" data-element_type=\"column\">\n\t\t\t<div class=\"elementor-widget-wrap elementor-element-populated\">\n\t\t\t\t\t\t\t\t<section class=\"elementor-section elementor-inner-section elementor-element elementor-element-9c9ff1d elementor-section-full_width elementor-section-height-default elementor-section-height-default\" data-id=\"9c9ff1d\" data-element_type=\"section\">\n\t\t\t\t\t\t<div class=\"elementor-container elementor-column-gap-no\">\n\t\t\t\t\t<div class=\"elementor-column elementor-col-25 elementor-inner-column elementor-element elementor-element-c9fd2f7\" data-id=\"c9fd2f7\" data-element_type=\"column\">\n\t\t\t<div class=\"elementor-widget-wrap elementor-element-populated\">\n\t\t\t\t\t\t\t\t<div class=\"elementor-element elementor-element-5df5694 elementor-widget-icon-box wgl-icon-box elementor-view-default elementor-position-top elementor-widget elementor-widget-wgl-info-box\" data-id=\"5df5694\" data-element_type=\"widget\" data-widget_type=\"wgl-info-box.default\">\n\t\t\t\t<div class=\"elementor-widget-container\">\n\t\t\t<div class=\"wgl-infobox\"><div class=\"wgl-infobox_wrapper elementor-icon-box-wrapper\"><div class=\"wgl-infobox-icon_wrapper elementor-icon-box-icon\"><div class=\"wgl-infobox-icon_container\"><span class=\"wgl-icon elementor-icon elementor-animation-\" ><i class=\"icon flaticon-idea\"><\/i><\/span><\/div><\/div><div class=\"wgl-infobox-content_wrapper elementor-icon-box-content\"><div class=\"wgl-infobox-title_wrapper\"><h3 class=\"wgl-infobox_title\">Strat\u00e9gie d'investissement<\/h3><\/div><div class=\"wgl-infobox_content\"><p>Analyse de votre situation patrimoniale - Force de proposition d'optimisation<\/p><\/div><\/div><\/div><\/div>\t\t<\/div>\n\t\t\t\t<\/div>\n\t\t\t\t\t<\/div>\n\t\t<\/div>\n\t\t\t\t<div class=\"elementor-column elementor-col-25 elementor-inner-column elementor-element elementor-element-4efb92a\" data-id=\"4efb92a\" data-element_type=\"column\">\n\t\t\t<div class=\"elementor-widget-wrap elementor-element-populated\">\n\t\t\t\t\t\t\t\t<div class=\"elementor-element elementor-element-dc4ab62 elementor-widget-icon-box wgl-icon-box elementor-view-default elementor-position-top elementor-widget elementor-widget-wgl-info-box\" data-id=\"dc4ab62\" data-element_type=\"widget\" data-widget_type=\"wgl-info-box.default\">\n\t\t\t\t<div class=\"elementor-widget-container\">\n\t\t\t<div class=\"wgl-infobox\"><div class=\"wgl-infobox_wrapper elementor-icon-box-wrapper\"><div class=\"wgl-infobox-icon_wrapper elementor-icon-box-icon\"><div class=\"wgl-infobox-icon_container\"><a class=\"wgl-icon elementor-icon elementor-animation-\" href=\"http:\/\/www.lhermine-groupe.com\/\"><i class=\"icon flaticon-ruler\"><\/i><\/a><\/div><\/div><div class=\"wgl-infobox-content_wrapper elementor-icon-box-content\"><div class=\"wgl-infobox-title_wrapper\"><h3 class=\"wgl-infobox_title\">Immobilier d'entreprise<\/h3><\/div><div class=\"wgl-infobox_content\"><p>Conseil en immobilier d\u2019entreprise - Vente et location de locaux commerciaux<\/p><\/div><\/div><\/div><\/div>\t\t<\/div>\n\t\t\t\t<\/div>\n\t\t\t\t\t<\/div>\n\t\t<\/div>\n\t\t\t\t<div class=\"elementor-column elementor-col-25 elementor-inner-column elementor-element elementor-element-c2171ba\" data-id=\"c2171ba\" data-element_type=\"column\">\n\t\t\t<div class=\"elementor-widget-wrap elementor-element-populated\">\n\t\t\t\t\t\t\t\t<div class=\"elementor-element elementor-element-88eca10 elementor-widget-icon-box wgl-icon-box elementor-view-default elementor-position-top elementor-widget elementor-widget-wgl-info-box\" data-id=\"88eca10\" data-element_type=\"widget\" data-widget_type=\"wgl-info-box.default\">\n\t\t\t\t<div class=\"elementor-widget-container\">\n\t\t\t<div class=\"wgl-infobox\"><div class=\"wgl-infobox_wrapper elementor-icon-box-wrapper\"><div class=\"wgl-infobox-icon_wrapper elementor-icon-box-icon\"><div class=\"wgl-infobox-icon_container\"><span class=\"wgl-icon elementor-icon elementor-animation-\" ><i class=\"icon flaticon-compass\"><\/i><\/span><\/div><\/div><div class=\"wgl-infobox-content_wrapper elementor-icon-box-content\"><div class=\"wgl-infobox-title_wrapper\"><h3 class=\"wgl-infobox_title\">Immobilier neuf<\/h3><\/div><div class=\"wgl-infobox_content\"><p>Mise en oeuvre d'une strat\u00e9gie pluri-disciplinaire d'achat dans le neuf<\/p><\/div><\/div><\/div><\/div>\t\t<\/div>\n\t\t\t\t<\/div>\n\t\t\t\t\t<\/div>\n\t\t<\/div>\n\t\t\t\t<div class=\"elementor-column elementor-col-25 elementor-inner-column elementor-element elementor-element-d9df351\" data-id=\"d9df351\" data-element_type=\"column\">\n\t\t\t<div class=\"elementor-widget-wrap elementor-element-populated\">\n\t\t\t\t\t\t\t\t<div class=\"elementor-element elementor-element-9b776f3 elementor-widget-icon-box wgl-icon-box elementor-view-default elementor-position-top elementor-widget elementor-widget-wgl-info-box\" data-id=\"9b776f3\" data-element_type=\"widget\" data-widget_type=\"wgl-info-box.default\">\n\t\t\t\t<div class=\"elementor-widget-container\">\n\t\t\t<div class=\"wgl-infobox\"><div class=\"wgl-infobox_wrapper elementor-icon-box-wrapper\"><div class=\"wgl-infobox-icon_wrapper elementor-icon-box-icon\"><div class=\"wgl-infobox-icon_container\"><span class=\"wgl-icon elementor-icon elementor-animation-\" ><i class=\"icon flaticon-3d-cube\"><\/i><\/span><\/div><\/div><div class=\"wgl-infobox-content_wrapper elementor-icon-box-content\"><div class=\"wgl-infobox-title_wrapper\"><h3 class=\"wgl-infobox_title\">D\u00e9fiscalisation<\/h3><\/div><div class=\"wgl-infobox_content\"><p>Optimisation fiscale - Plan de d\u00e9fiscalisation immobili\u00e8re - Suivi et accompagnement\u00a0<\/p><\/div><\/div><\/div><\/div>\t\t<\/div>\n\t\t\t\t<\/div>\n\t\t\t\t\t<\/div>\n\t\t<\/div>\n\t\t\t\t\t\t\t<\/div>\n\t\t<\/section>\n\t\t\t\t\t<\/div>\n\t\t<\/div>\n\t\t\t\t\t\t\t<\/div>\n\t\t<\/section>\n\t\t\t\t<section class=\"elementor-section elementor-top-section elementor-element elementor-element-f7e6d4 elementor-section-boxed elementor-section-height-default elementor-section-height-default\" data-id=\"f7e6d4\" data-element_type=\"section\">\n\t\t\t\t\t\t<div class=\"elementor-container elementor-column-gap-no\">\n\t\t\t\t\t<div class=\"elementor-column elementor-col-50 elementor-top-column elementor-element elementor-element-27b9522 elementor-invisible\" data-id=\"27b9522\" data-element_type=\"column\" data-settings=\"{&quot;background_background&quot;:&quot;classic&quot;,&quot;animation&quot;:&quot;slideInLeft&quot;}\">\n\t\t\t<div class=\"elementor-widget-wrap elementor-element-populated\">\n\t\t\t\t\t\t\t\t<div class=\"elementor-element elementor-element-5b3ce9b elementor-widget elementor-widget-spacer\" data-id=\"5b3ce9b\" data-element_type=\"widget\" data-widget_type=\"spacer.default\">\n\t\t\t\t<div class=\"elementor-widget-container\">\n\t\t\t\t\t<div class=\"elementor-spacer\">\n\t\t\t<div class=\"elementor-spacer-inner\"><\/div>\n\t\t<\/div>\n\t\t\t\t<\/div>\n\t\t\t\t<\/div>\n\t\t\t\t<div class=\"elementor-element elementor-element-dec87d4 aleft elementor-widget elementor-widget-wgl-double-headings\" data-id=\"dec87d4\" data-element_type=\"widget\" data-widget_type=\"wgl-double-headings.default\">\n\t\t\t\t<div class=\"elementor-widget-container\">\n\t\t\t<div class=\"wgl-double_heading\">                <h3 class=\"dbl-title_wrapper\"><span class=\"dbl-title dbl-title_1\">Le mot du <\/span> <span class=\"dbl-title dbl-title_2\">Fondateur<\/span>                 <\/h3>        <\/div>\t\t<\/div>\n\t\t\t\t<\/div>\n\t\t\t\t<div class=\"elementor-element elementor-element-522d0da elementor-widget elementor-widget-text-editor\" data-id=\"522d0da\" data-element_type=\"widget\" data-widget_type=\"text-editor.default\">\n\t\t\t\t<div class=\"elementor-widget-container\">\n\t\t\t\t\t<div class=\"elementor-text-editor elementor-clearfix\"><p style=\"text-align: justify;\"><span style=\"color: #ffffff;\">Depuis son implantation premi\u00e8re \u00e0 Rennes , Le groupe LHERMINE a su allier ind\u00e9pendance, d\u00e9veloppement et exigence de qualit\u00e9 en relation avec ses clients, ses partenaires et ses prestataires.<\/span><\/p><p><span style=\"color: #ffffff;\">LHERMINE IMMOBILIER joue la carte de la proximit\u00e9 et de la r\u00e9activit\u00e9 tout en proposant \u00e0 ses clients des programmes neufs d&#8217;un excellent rapport qualit\u00e9\/prix.<\/span><\/p><p><span style=\"color: #ffffff;\">Structure \u00e0 taille humaine, s&#8217;appuyant sur des collaborateurs comp\u00e9tents et passionn\u00e9s par leur m\u00e9tier, nous mettons un point d&#8217;honneur \u00e0 s\u00e9lectionner les meilleurs emplacements, s\u00e9lectionner des programmes immobiliers neufs bien int\u00e9gr\u00e9s dans leur environnement &#8230; Le tout, dans une perspective de d\u00e9veloppement durable.<\/span><\/p><\/div>\n\t\t\t\t<\/div>\n\t\t\t\t<\/div>\n\t\t\t\t<div class=\"elementor-element elementor-element-593e746 elementor-widget elementor-widget-spacer\" data-id=\"593e746\" data-element_type=\"widget\" data-widget_type=\"spacer.default\">\n\t\t\t\t<div class=\"elementor-widget-container\">\n\t\t\t\t\t<div class=\"elementor-spacer\">\n\t\t\t<div class=\"elementor-spacer-inner\"><\/div>\n\t\t<\/div>\n\t\t\t\t<\/div>\n\t\t\t\t<\/div>\n\t\t\t\t\t<\/div>\n\t\t<\/div>\n\t\t\t\t<div class=\"elementor-column elementor-col-50 elementor-top-column elementor-element elementor-element-24125275 elementor-invisible\" data-id=\"24125275\" data-element_type=\"column\" data-settings=\"{&quot;animation&quot;:&quot;fadeInRight&quot;}\">\n\t\t\t<div class=\"elementor-widget-wrap elementor-element-populated\">\n\t\t\t\t\t\t\t\t<div class=\"elementor-element elementor-element-6ad25c9 elementor-widget elementor-widget-image\" data-id=\"6ad25c9\" data-element_type=\"widget\" data-widget_type=\"image.default\">\n\t\t\t\t<div class=\"elementor-widget-container\">\n\t\t\t\t\t<div class=\"elementor-image\">\n\t\t\t\t\t\t\t\t\t\t<img width=\"496\" height=\"512\" src=\"https:\/\/programme-neuf-rennes.fr\/wp-content\/uploads\/2021\/03\/unnamed.jpeg\" class=\"attachment-full size-full\" alt=\"programme neuf rennes\" loading=\"lazy\" srcset=\"https:\/\/programme-neuf-rennes.fr\/wp-content\/uploads\/2021\/03\/unnamed.jpeg 496w, https:\/\/programme-neuf-rennes.fr\/wp-content\/uploads\/2021\/03\/unnamed-291x300.jpeg 291w\" sizes=\"(max-width: 496px) 100vw, 496px\" \/>\t\t\t\t\t\t\t\t\t\t\t<\/div>\n\t\t\t\t<\/div>\n\t\t\t\t<\/div>\n\t\t\t\t\t<\/div>\n\t\t<\/div>\n\t\t\t\t\t\t\t<\/div>\n\t\t<\/section>\n\t\t\t\t<section class=\"elementor-section elementor-top-section elementor-element elementor-element-26388c4 elementor-section-stretched elementor-section-boxed elementor-section-height-default elementor-section-height-default\" data-id=\"26388c4\" data-element_type=\"section\" data-settings=\"{&quot;stretch_section&quot;:&quot;section-stretched&quot;,&quot;background_background&quot;:&quot;classic&quot;}\">\n\t\t\t\t\t\t<div class=\"elementor-container elementor-column-gap-default\">\n\t\t\t\t\t<div class=\"elementor-column elementor-col-100 elementor-top-column elementor-element elementor-element-e52d74c\" data-id=\"e52d74c\" data-element_type=\"column\">\n\t\t\t<div class=\"elementor-widget-wrap elementor-element-populated\">\n\t\t\t\t\t\t\t\t<div class=\"elementor-element elementor-element-5cdfe84 elementor-widget elementor-widget-spacer\" data-id=\"5cdfe84\" data-element_type=\"widget\" data-widget_type=\"spacer.default\">\n\t\t\t\t<div class=\"elementor-widget-container\">\n\t\t\t\t\t<div class=\"elementor-spacer\">\n\t\t\t<div class=\"elementor-spacer-inner\"><\/div>\n\t\t<\/div>\n\t\t\t\t<\/div>\n\t\t\t\t<\/div>\n\t\t\t\t<div class=\"elementor-element elementor-element-3997e5c acenter elementor-widget elementor-widget-wgl-double-headings\" data-id=\"3997e5c\" data-element_type=\"widget\" data-widget_type=\"wgl-double-headings.default\">\n\t\t\t\t<div class=\"elementor-widget-container\">\n\t\t\t<div class=\"wgl-double_heading\">                <h3 class=\"dbl-title_wrapper\"><span class=\"dbl-title dbl-title_1\">Analyse d'investissement personnalis\u00e9e <\/span>                 <\/h3>        <\/div>\t\t<\/div>\n\t\t\t\t<\/div>\n\t\t\t\t<div class=\"elementor-element elementor-element-0b30555 elementor-align-center elementor-widget elementor-widget-wgl-button\" data-id=\"0b30555\" data-element_type=\"widget\" data-widget_type=\"wgl-button.default\">\n\t\t\t\t<div class=\"elementor-widget-container\">\n\t\t\t            <div class=\"elementor-button-wrapper\">\n                <a href=\"https:\/\/programme-neuf-rennes.fr\/index.php\/contacts\/\" class=\"wgl-button elementor-button elementor-size-lg elementor-animation-\" role=\"button\">\n                    <span class=\"elementor-button-content-wrapper elementor-align-icon-\"><span class=\"elementor-button-text\">Prendre rendez-vous<\/span><\/span>                <\/a>\n            <\/div>\n            \t\t<\/div>\n\t\t\t\t<\/div>\n\t\t\t\t<div class=\"elementor-element elementor-element-ec9ab32 elementor-widget elementor-widget-spacer\" data-id=\"ec9ab32\" data-element_type=\"widget\" data-widget_type=\"spacer.default\">\n\t\t\t\t<div class=\"elementor-widget-container\">\n\t\t\t\t\t<div class=\"elementor-spacer\">\n\t\t\t<div class=\"elementor-spacer-inner\"><\/div>\n\t\t<\/div>\n\t\t\t\t<\/div>\n\t\t\t\t<\/div>\n\t\t\t\t\t<\/div>\n\t\t<\/div>\n\t\t\t\t\t\t\t<\/div>\n\t\t<\/section>\n\t\t\t\t\t\t<\/div>\n\t\t\t\t\t<\/div>\n\t\t","protected":false},"excerpt":{"rendered":"<p>Strat\u00e9gie d&#8217;investissement Analyse de votre situation patrimoniale &#8211; Force de proposition d&#8217;optimisation Immobilier d&#8217;entreprise Conseil en immobilier d\u2019entreprise &#8211; Vente et location de locaux commerciaux Immobilier neuf Mise en oeuvre d&#8217;une strat\u00e9gie pluri-disciplinaire d&#8217;achat dans le neuf D\u00e9fiscalisation Optimisation fiscale &#8211; Plan de d\u00e9fiscalisation immobili\u00e8re &#8211; Suivi et accompagnement\u00a0 Le mot du Fondateur Depuis son [&hellip;]<\/p>\n","protected":false},"author":1,"featured_media":0,"parent":0,"menu_order":0,"comment_status":"closed","ping_status":"closed","template":"","meta":[],"yoast_head":"<!-- This site is optimized with the Yoast SEO plugin v16.1.1 - https:\/\/yoast.com\/wordpress\/plugins\/seo\/ -->\n<title>La soci\u00e9t\u00e9 - Lhermine Immobilier<\/title>\n<link rel=\"canonical\" href=\"https:\/\/programme-neuf-rennes.fr\/index.php\/our-mission\/\" \/>\n<meta property=\"og:locale\" content=\"fr_FR\" \/>\n<meta property=\"og:type\" content=\"article\" \/>\n<meta property=\"og:title\" content=\"La soci\u00e9t\u00e9 - Lhermine Immobilier\" \/>\n<meta property=\"og:description\" content=\"Strat\u00e9gie d&#8217;investissement Analyse de votre situation patrimoniale &#8211; Force de proposition d&#8217;optimisation Immobilier d&#8217;entreprise Conseil en immobilier d\u2019entreprise &#8211; Vente et location de locaux commerciaux Immobilier neuf Mise en oeuvre d&#8217;une strat\u00e9gie pluri-disciplinaire d&#8217;achat dans le neuf D\u00e9fiscalisation Optimisation fiscale &#8211; Plan de d\u00e9fiscalisation immobili\u00e8re &#8211; Suivi et accompagnement\u00a0 Le mot du Fondateur Depuis son [&hellip;]\" \/>\n<meta property=\"og:url\" content=\"https:\/\/programme-neuf-rennes.fr\/index.php\/our-mission\/\" \/>\n<meta property=\"og:site_name\" content=\"Lhermine Immobilier\" \/>\n<meta property=\"article:modified_time\" content=\"2021-03-24T15:02:20+00:00\" \/>\n<meta property=\"og:image\" content=\"https:\/\/programme-neuf-rennes.fr\/wp-content\/uploads\/2021\/03\/unnamed.jpeg\" \/>\n<meta name=\"twitter:card\" content=\"summary_large_image\" \/>\n<meta name=\"twitter:label1\" content=\"Dur\u00e9e de lecture est.\">\n\t<meta name=\"twitter:data1\" content=\"1 minute\">\n<script type=\"application\/ld+json\" class=\"yoast-schema-graph\">{\"@context\":\"https:\/\/schema.org\",\"@graph\":[{\"@type\":\"WebSite\",\"@id\":\"https:\/\/programme-neuf-rennes.fr\/#website\",\"url\":\"https:\/\/programme-neuf-rennes.fr\/\",\"name\":\"Lhermine Immobilier\",\"description\":\"Programme immobilier Neuf Rennes - Investissement et d\\u00e9fiscalisastion\",\"potentialAction\":[{\"@type\":\"SearchAction\",\"target\":\"https:\/\/programme-neuf-rennes.fr\/?s={search_term_string}\",\"query-input\":\"required name=search_term_string\"}],\"inLanguage\":\"fr-FR\"},{\"@type\":\"ImageObject\",\"@id\":\"https:\/\/programme-neuf-rennes.fr\/index.php\/our-mission\/#primaryimage\",\"inLanguage\":\"fr-FR\",\"url\":\"https:\/\/programme-neuf-rennes.fr\/wp-content\/uploads\/2021\/03\/unnamed.jpeg\",\"contentUrl\":\"https:\/\/programme-neuf-rennes.fr\/wp-content\/uploads\/2021\/03\/unnamed.jpeg\",\"width\":496,\"height\":512,\"caption\":\"programme neuf rennes\"},{\"@type\":\"WebPage\",\"@id\":\"https:\/\/programme-neuf-rennes.fr\/index.php\/our-mission\/#webpage\",\"url\":\"https:\/\/programme-neuf-rennes.fr\/index.php\/our-mission\/\",\"name\":\"La soci\\u00e9t\\u00e9 - Lhermine Immobilier\",\"isPartOf\":{\"@id\":\"https:\/\/programme-neuf-rennes.fr\/#website\"},\"primaryImageOfPage\":{\"@id\":\"https:\/\/programme-neuf-rennes.fr\/index.php\/our-mission\/#primaryimage\"},\"datePublished\":\"2019-07-04T08:19:34+00:00\",\"dateModified\":\"2021-03-24T15:02:20+00:00\",\"breadcrumb\":{\"@id\":\"https:\/\/programme-neuf-rennes.fr\/index.php\/our-mission\/#breadcrumb\"},\"inLanguage\":\"fr-FR\",\"potentialAction\":[{\"@type\":\"ReadAction\",\"target\":[\"https:\/\/programme-neuf-rennes.fr\/index.php\/our-mission\/\"]}]},{\"@type\":\"BreadcrumbList\",\"@id\":\"https:\/\/programme-neuf-rennes.fr\/index.php\/our-mission\/#breadcrumb\",\"itemListElement\":[{\"@type\":\"ListItem\",\"position\":1,\"item\":{\"@type\":\"WebPage\",\"@id\":\"https:\/\/programme-neuf-rennes.fr\/\",\"url\":\"https:\/\/programme-neuf-rennes.fr\/\",\"name\":\"Accueil\"}},{\"@type\":\"ListItem\",\"position\":2,\"item\":{\"@type\":\"WebPage\",\"@id\":\"https:\/\/programme-neuf-rennes.fr\/index.php\/our-mission\/\",\"url\":\"https:\/\/programme-neuf-rennes.fr\/index.php\/our-mission\/\",\"name\":\"La soci\\u00e9t\\u00e9\"}}]}]}<\/script>\n<!-- \/ Yoast SEO plugin. -->","_links":{"self":[{"href":"https:\/\/programme-neuf-rennes.fr\/index.php\/wp-json\/wp\/v2\/pages\/1028"}],"collection":[{"href":"https:\/\/programme-neuf-rennes.fr\/index.php\/wp-json\/wp\/v2\/pages"}],"about":[{"href":"https:\/\/programme-neuf-rennes.fr\/index.php\/wp-json\/wp\/v2\/types\/page"}],"author":[{"embeddable":true,"href":"https:\/\/programme-neuf-rennes.fr\/index.php\/wp-json\/wp\/v2\/users\/1"}],"replies":[{"embeddable":true,"href":"https:\/\/programme-neuf-rennes.fr\/index.php\/wp-json\/wp\/v2\/comments?post=1028"}],"version-history":[{"count":0,"href":"https:\/\/programme-neuf-rennes.fr\/index.php\/wp-json\/wp\/v2\/pages\/1028\/revisions"}],"wp:attachment":[{"href":"https:\/\/programme-neuf-rennes.fr\/index.php\/wp-json\/wp\/v2\/media?parent=1028"}],"curies":[{"name":"wp","href":"https:\/\/api.w.org\/{rel}","templated":true}]}}